{"id":178,"date":"2026-01-09T11:15:30","date_gmt":"2026-01-09T10:15:30","guid":{"rendered":"https:\/\/fredtrad.com\/?page_id=178"},"modified":"2026-03-18T16:09:28","modified_gmt":"2026-03-18T15:09:28","slug":"contacto","status":"publish","type":"page","link":"https:\/\/fredtrad.com\/sv\/contacto\/","title":{"rendered":"Kontakt"},"content":{"rendered":"<section class=\"bde-section-178-100 bde-section\">\n  \n  \n\t\n\n\n\n<div class=\"section-container\"><div class=\"bde-columns-178-101 bde-columns\"><div class=\"bde-column-178-102 bde-column\">\n  \n  \n\t\n\n\n\n<h1 class=\"bde-heading-178-104 bde-heading translation-block\">Kontakta<br>oss<\/h1><div class=\"bde-text-178-105 bde-text translation-block\">Vi finns h\u00e4r f\u00f6r att hj\u00e4lpa dig<br>med\u00f6vers\u00e4ttningar och tolkning.<br><br>Beg\u00e4r en kostnadsfri offert!<\/div><img decoding=\"async\" class=\"bde-image2-178-106 bde-image2\" src=\"https:\/\/fredtrad.com\/wp-content\/uploads\/2026\/01\/Rectangle-38.png\" alt=\"Fredtrad\" loading=\"lazy\" srcset=\"https:\/\/fredtrad.com\/wp-content\/uploads\/2026\/01\/Rectangle-38.png 810w, https:\/\/fredtrad.com\/wp-content\/uploads\/2026\/01\/Rectangle-38-300x200.png 300w, https:\/\/fredtrad.com\/wp-content\/uploads\/2026\/01\/Rectangle-38-768x513.png 768w, https:\/\/fredtrad.com\/wp-content\/uploads\/2026\/01\/Rectangle-38-18x12.png 18w\" sizes=\"(max-width: 810px) 100vw, 810px\">\n<\/div><div class=\"bde-column-178-103 bde-column\">\n  \n  \n\t\n\n\n\n<h2 class=\"bde-heading-178-107 bde-heading\">\nKontaktformul\u00e4r\n<\/h2>\n<\/div><\/div><\/div>\n<\/section>","protected":false},"excerpt":{"rendered":"<p>Contacta conNosotras Estamos aqu\u00ed para ayudarte con todos tus proyectosde traducci\u00f3n e interpretaci\u00f3n. \u00a1Solicita tu presupuesto sin compromiso! Formulario de contacto<\/p>","protected":false},"author":1,"featured_media":0,"parent":0,"menu_order":0,"comment_status":"closed","ping_status":"closed","template":"","meta":{"_breakdance_hide_in_design_set":false,"_breakdance_tags":"","footnotes":""},"class_list":["post-178","page","type-page","status-publish","hentry"],"_links":{"self":[{"href":"https:\/\/fredtrad.com\/sv\/wp-json\/wp\/v2\/pages\/178","targetHints":{"allow":["GET"]}}],"collection":[{"href":"https:\/\/fredtrad.com\/sv\/wp-json\/wp\/v2\/pages"}],"about":[{"href":"https:\/\/fredtrad.com\/sv\/wp-json\/wp\/v2\/types\/page"}],"author":[{"embeddable":true,"href":"https:\/\/fredtrad.com\/sv\/wp-json\/wp\/v2\/users\/1"}],"replies":[{"embeddable":true,"href":"https:\/\/fredtrad.com\/sv\/wp-json\/wp\/v2\/comments?post=178"}],"version-history":[{"count":40,"href":"https:\/\/fredtrad.com\/sv\/wp-json\/wp\/v2\/pages\/178\/revisions"}],"predecessor-version":[{"id":622,"href":"https:\/\/fredtrad.com\/sv\/wp-json\/wp\/v2\/pages\/178\/revisions\/622"}],"wp:attachment":[{"href":"https:\/\/fredtrad.com\/sv\/wp-json\/wp\/v2\/media?parent=178"}],"curies":[{"name":"wp","href":"https:\/\/api.w.org\/{rel}","templated":true}]}}