{"id":166,"date":"2026-01-09T10:01:01","date_gmt":"2026-01-09T09:01:01","guid":{"rendered":"https:\/\/fredtrad.com\/?page_id=166"},"modified":"2026-03-11T13:25:18","modified_gmt":"2026-03-11T12:25:18","slug":"servicios","status":"publish","type":"page","link":"https:\/\/fredtrad.com\/sv\/servicios\/","title":{"rendered":"Tj\u00e4nster"},"content":{"rendered":"<section class=\"bde-section-166-100 bde-section\">\n  \n  \n\t\n\n\n\n<div class=\"section-container\"><div class=\"bde-columns-166-102 bde-columns\"><div class=\"bde-column-166-103 bde-column\">\n  \n  \n\t\n\n\n\n<img decoding=\"async\" class=\"bde-image2-166-101 bde-image2\" src=\"https:\/\/fredtrad.com\/wp-content\/uploads\/2026\/01\/HEADER.png\" alt=\"Fredtrad\" loading=\"lazy\" srcset=\"https:\/\/fredtrad.com\/wp-content\/uploads\/2026\/01\/HEADER.png 523w, https:\/\/fredtrad.com\/wp-content\/uploads\/2026\/01\/HEADER-231x300.png 231w, https:\/\/fredtrad.com\/wp-content\/uploads\/2026\/01\/HEADER-9x12.png 9w\" sizes=\"(max-width: 523px) 100vw, 523px\">\n<\/div><div class=\"bde-column-166-104 bde-column\">\n  \n  \n\t\n\n\n\n<h1 class=\"bde-heading-166-106 bde-heading\">\nProfessionella \u00f6vers\u00e4ttnings- och tolktj\u00e4nster\n<\/h1><div class=\"bde-text-166-107 bde-text\">\nVi \u00e4r specialiserade p\u00e5 svenska och spanska och erbjuder spr\u00e5kl\u00f6sningar som \u00e4r anpassade efter dina personliga, juridiska och aff\u00e4rsm\u00e4ssiga behov.\n<\/div>\n<\/div><\/div><\/div>\n<\/section><section class=\"bde-section-166-108 bde-section\">\n  \n  \n\t\n\n\n\n<div class=\"section-container\"><div class=\"bde-div-166-110 bde-div\">\n  \n  \n\t\n\n\n\n<div class=\"bde-icon-166-111 bde-icon\">\n\n    \n            <div class=\"bde-icon-icon breakdance-icon-atom\" >\n    \n                    <svg xmlns=\"http:\/\/www.w3.org\/2000\/svg\" viewbox=\"0 0 512 512\"><!--! Font Awesome Free 6.5.1 by @fontawesome - https:\/\/fontawesome.com License - https:\/\/fontawesome.com\/license\/free (Icons: CC BY 4.0, Fonts: SIL OFL 1.1, Code: MIT License) Copyright 2023 Fonticons, Inc. --><path d=\"M256 512A256 256 0 1 0 256 0a256 256 0 1 0 0 512z\"\/><\/svg>\n        \n        \n        \n            <\/div>\n    \n\n\n<\/div><h4 class=\"bde-heading-166-109 bde-heading\">\nV\u00e5ra tj\u00e4nster\n<\/h4>\n<\/div><div class=\"bde-fancy-divider-166-112 bde-fancy-divider\">\n\n\n<div class=\"bde-fancy-divider__wrapper\">\n  <div class=\"bde-fancy-divider__separator\">\n  \t  <\/div>\n<\/div>\n\n<\/div><div class=\"bde-columns-166-113 bde-columns\"><div class=\"bde-column-166-114 bde-column\">\n  \n  \n\t\n\n\n\n<div class=\"bde-div-166-257 bde-div\">\n  \n  \n\t\n\n\n\n<div class=\"bde-columns-166-166 bde-columns\"><div class=\"bde-column-166-167 bde-column\">\n  \n  \n\t\n\n\n\n<div class=\"bde-div-166-121 bde-div\">\n  \n  \n\t\n\n\n\n<h2 class=\"bde-heading-166-127 bde-heading translation-block\">Auktoriserad<br>\u00f6vers\u00e4ttning<\/h2>\n<\/div>\n<\/div><div class=\"bde-column-166-168 bde-column\">\n  \n  \n\t\n\n\n\n<div class=\"bde-div-166-122 bde-div\">\n  \n  \n\t\n\n\n\n<div class=\"bde-text-166-123 bde-text\">\nV\u00e5ra auktoriserade \u00f6vers\u00e4ttningar mellan svenska och spanska godtas av spanska myndigheter och organisationer.\n<\/div><div class=\"bde-accordion-166-258 bde-accordion bde-accordion--bordered\"><div class=\"bde-accordion__content-wrapper-166-259 bde-accordion__content-wrapper\">\n<h4 class=\"bde-accordion__title-tag\">\n  <button type=\"button\" class=\"bde-accordion__button\" id=\"accordion-button-259\" aria-controls=\"accordion-panel-259\" aria-expanded=\"false\">\n     <span class=\"bde-accordion__title\" >Exempel p\u00e5 dokument<\/span>\n     <span class=\"bde-accordion__icon bde-accordion__icon--default\"><\/span>\n     <span class=\"bde-accordion__icon bde-accordion__icon--active\"><\/span>\n  <\/button>\n<\/h4>\n\n<div role=\"region\" class=\"bde-accordion__panel\" id=\"accordion-panel-259\" aria-labelledby=\"accordion-button-259\">\n    <div class=\"bde-accordion__panel-content\">\n        <div class=\"bde-div-166-260 bde-div\">\n  \n  \n\t\n\n\n\n<h4 class=\"bde-heading-166-261 bde-heading\">\nVi \u00f6vers\u00e4tter bland annat:\n<\/h4><div class=\"bde-div-166-262 bde-div\">\n  \n  \n\t\n\n\n\n<h5 class=\"bde-heading-166-263 bde-heading\">\nJuridiska dokument: \n<\/h5><div class=\"bde-text-166-264 bde-text\">\nDomar, avtal, fullmakter, \u00e4ktenskapsf\u00f6rord och testamenten\n<\/div>\n<\/div><div class=\"bde-div-166-265 bde-div\">\n  \n  \n\t\n\n\n\n<h5 class=\"bde-heading-166-266 bde-heading\">\nFastighetsaff\u00e4rer och bol\u00e5n i Spanien:\n<\/h5><div class=\"bde-text-166-267 bde-text\">\n L\u00f6nespecifikationer och kontoutdrag, deklarationer och kontrakt.\n<\/div>\n<\/div><div class=\"bde-div-166-268 bde-div\">\n  \n  \n\t\n\n\n\n<h5 class=\"bde-heading-166-269 bde-heading\">\nPersonhandlingar: \n<\/h5><div class=\"bde-text-166-270 bde-text\">\nPersonbevis, vigselbevis, , utdrag ut belastningsregister\n<\/div>\n<\/div><div class=\"bde-div-166-271 bde-div\">\n  \n  \n\t\n\n\n\n<h5 class=\"bde-heading-166-272 bde-heading\">\nStudider och arbete:\n<\/h5><div class=\"bde-text-166-273 bde-text\">\nBetyg, diplom, examensbevis, anst\u00e4llningsbevis, intyg om legitimation.\n<\/div>\n<\/div><div class=\"bde-div-166-274 bde-div\">\n  \n  \n\t\n\n\n\n<h5 class=\"bde-heading-166-275 bde-heading\">\nF\u00f6retag:\n<\/h5><div class=\"bde-text-166-276 bde-text\">\nRegistreringsbevis fr\u00e5n Bolagsverket, \u00e5rsredovisning, bolagsordning, verklig huvudman.\n<\/div>\n<\/div><div class=\"bde-div-166-277 bde-div\">\n  \n  \n\t\n\n\n\n<h5 class=\"bde-heading-166-278 bde-heading\">\nOffentlig upphandling:\n<\/h5><div class=\"bde-text-166-279 bde-text\">\nUtdrag ut belastningregister, bevis om betalning av skatter och avgifter, ekonomisk kapacitet, teknisk\/yrkesm\u00e4ssig kapacitet och f\u00f6rm\u00e5ga.\n<\/div>\n<\/div>\n<\/div>\n    <\/div>\n<\/div>\n\n\n\n<\/div>\r\n\r\n<\/div>\n<\/div>\n<\/div><\/div>\n<\/div>\n<\/div><div class=\"bde-column-166-180 bde-column\">\n  \n  \n\t\n\n\n\n<div class=\"bde-columns-166-181 bde-columns\"><div class=\"bde-column-166-182 bde-column\">\n  \n  \n\t\n\n\n\n<div class=\"bde-div-166-183 bde-div\">\n  \n  \n\t\n\n\n\n<h2 class=\"bde-heading-166-184 bde-heading translation-block\">\u00d6vrig<br>\u00f6vers\u00e4ttning<\/h2>\n<\/div>\n<\/div><div class=\"bde-column-166-185 bde-column\">\n  \n  \n\t\n\n\n\n<div class=\"bde-div-166-186 bde-div\">\n  \n  \n\t\n\n\n\n<div class=\"bde-text-166-187 bde-text\">\nF\u00f6r dig som vill \u00f6vers\u00e4tta material f\u00f6r marknadsf\u00f6ring, hemsidor, personlig kommunikation eller andra texter som inte \u00e4r knutna till byr\u00e5kratiska processer.\n<\/div>\n<\/div>\n<\/div><\/div>\n<\/div><div class=\"bde-column-166-247 bde-column\">\n  \n  \n\t\n\n\n\n<div class=\"bde-columns-166-248 bde-columns\"><div class=\"bde-column-166-249 bde-column\">\n  \n  \n\t\n\n\n\n<div class=\"bde-div-166-250 bde-div\">\n  \n  \n\t\n\n\n\n<h2 class=\"bde-heading-166-251 bde-heading translation-block\">Tolkning<\/h2>\n<\/div>\n<\/div><div class=\"bde-column-166-252 bde-column\">\n  \n  \n\t\n\n\n\n<div class=\"bde-div-166-253 bde-div\">\n  \n  \n\t\n\n\n\n<div class=\"bde-text-166-254 bde-text\">\nF\u00f6r dig som vill \u00f6vers\u00e4tta material f\u00f6r marknadsf\u00f6ring, hemsidor, personlig kommunikation eller andra texter som inte \u00e4r knutna till byr\u00e5kratiska processer.\n<\/div>\n<\/div>\n<\/div><\/div>\n<\/div><div class=\"bde-column-166-169 bde-column\">\n  \n  \n\t\n\n\n\n<div class=\"bde-columns-166-170 bde-columns\"><div class=\"bde-column-166-171 bde-column\">\n  \n  \n\t\n\n\n\n<div class=\"bde-div-166-172 bde-div\">\n  \n  \n\t\n\n\n\n<h2 class=\"bde-heading-166-173 bde-heading translation-block\">Spr\u00e5kservice<\/h2>\n<\/div>\n<\/div><div class=\"bde-column-166-174 bde-column\">\n  \n  \n\t\n\n\n\n<div class=\"bde-div-166-175 bde-div\">\n  \n  \n\t\n\n\n\n<div class=\"bde-text-166-176 bde-text\">\nOfrecemos un servicio ampliado de comunicaci\u00f3n, dirigido a nuestros clientes suecos en Espa\u00f1a para\u00a0 asistirte de forma continuada en tu contacto con la administraci\u00f3n, los bancos u otras entidades. Nuestro trabajo es asegurarte un proceso c\u00f3modo y seguro, aunque no hables espa\u00f1ol.\n<\/div>\n<\/div>\n<\/div><\/div>\n<\/div><\/div><\/div>\n<\/section><section class=\"bde-section-166-155 bde-section\">\n  \n  \n\t\n\n\n\n<div class=\"section-container\"><div class=\"bde-div-166-156 bde-div\">\n  \n  \n\t\n\n\n\n<h2 class=\"bde-heading-166-157 bde-heading\">\n\u00c4r du os\u00e4ker p\u00e5 vilken tj\u00e4nst du beh\u00f6ver?\n<\/h2><div class=\"bde-text-166-158 bde-text\">\nKontakta oss g\u00e4rna f\u00f6r r\u00e5dgivning .<br>\n<\/div><div class=\"bde-button-166-159 bde-button\">\n    \n                        \n                        \n    \n    \n    \n    \n            \n                    \n            \n            \n\n    \n    \n    \n    \n    \n    <a class=\"breakdance-link button-atom button-atom--custom bde-button__button\" href=\"https:\/\/fredtrad.com\/sv\/contacto\/\" target=\"_self\" data-type=\"url\"  >\n\n    \n        <span class=\"button-atom__text\">Beg\u00e4r en kostnadsfri offert<\/span>\n\n        \n        \n                <\/a>\n\n    \n\n\n<\/div>\n<\/div><\/div>\n<\/section><section class=\"bde-section-166-165 bde-section\">\n  \n  \n\t\n\n\n\n<div class=\"section-container\"><div class=\"bde-div-166-160 bde-div\">\n  \n  \n\t\n\n\n\n<h4 class=\"bde-heading-166-161 bde-heading\">\nOmd\u00f6men\n<\/h4><h2 class=\"bde-heading-166-162 bde-heading\">\nOmd\u00f6men fr\u00e5n v\u00e5ra kunder\n<\/h2><div id=\"google-reviews\" class=\"bde-shortcode-166-163 bde-shortcode\"> <\/div><div class=\"bde-button-166-164 bde-button\">\n    \n                        \n                        \n    \n    \n    \n    \n            \n                    \n            \n            \n\n    \n    \n    \n    \n    \n    <a class=\"breakdance-link button-atom button-atom--custom bde-button__button\" href=\"https:\/\/www.google.com\/maps\/place\/Fredriksson+Traducci%C3%B3n\/@41.4939334,2.0030822,17z\/data=!3m1!4b1!4m6!3m5!1s0x12a491791f997777:0x3acc05322ec0c39b!8m2!3d41.4939334!4d2.0056571!16s%2Fg%2F11yq30d1l7?entry=ttu&amp;g_ep=EgoyMDI2MDEwNy4wIKXMDSoASAFQAw%3D%3D\" target=\"_self\" data-type=\"url\" rel=\"noopener\">\n\n    \n        <span class=\"button-atom__text\">Dejanos tu rese\u00f1a<\/span>\n\n        \n        \n                <\/a>\n\n    \n\n\n<\/div>\n<\/div><\/div>\n<\/section><div class=\"bde-globalblock-166-280 bde-globalblock\"><section class=\"bde-section-405-100-405-1 bde-section bde-section-405-100\">\n  \n  \n\t\n\n\n\n<div class=\"section-container\"><div class=\"bde-div-405-101-405-1 bde-div bde-div-405-101\">\n  \n  \n\t\n\n\n\n<div class=\"bde-icon-405-102-405-1 bde-icon bde-icon-405-102\">\n\n    \n            <div class=\"bde-icon-icon breakdance-icon-atom\" >\n    \n                    <svg xmlns=\"http:\/\/www.w3.org\/2000\/svg\" viewbox=\"0 0 512 512\"><!--! Font Awesome Free 6.5.1 by @fontawesome - https:\/\/fontawesome.com License - https:\/\/fontawesome.com\/license\/free (Icons: CC BY 4.0, Fonts: SIL OFL 1.1, Code: MIT License) Copyright 2023 Fonticons, Inc. --><path d=\"M256 512A256 256 0 1 0 256 0a256 256 0 1 0 0 512z\"\/><\/svg>\n        \n        \n        \n            <\/div>\n    \n\n\n<\/div><h4 class=\"bde-heading-405-103-405-1 bde-heading bde-heading-405-103\">\nIntressanta nyheter\n<\/h4>\n<\/div><div class=\"bde-post-loop-405-104-405-1 bde-post-loop bde-post-loop-405-104\"><div class=\"breakdance-swiper-wrapper\" data-swiper-id=\"104\"><div class=\"swiper\"><div class=\"bde-loop bde-loop-slider ee-posts ee-posts-slider swiper-wrapper\">    <article class=\"bde-loop-item ee-post swiper-slide\">\n        <div class=\"bde-div-236-100-233-236-1 bde-div bde-div-236-100\">\n  \n  \n\t\n\n\n\n<a class=\"bde-container-link-236-107-233-236-1 bde-container-link bde-container-link-236-107 breakdance-link\" href=\"https:\/\/fredtrad.com\/sv\/2026\/01\/12\/traduccion-jurada-vs-traduccion-normal-diferencias-clave-2\/\" target=\"_self\" data-type=\"url\">\n  \n  \n\t\n\n\n\n<div class=\"bde-div-236-110-233-236-1 bde-div bde-div-236-110\">\n  \n  \n\t\n\n\n\n<img decoding=\"async\" class=\"bde-image2-236-101-233-236-1 bde-image2 img bde-image2-236-101\" src=\"https:\/\/fredtrad.com\/wp-content\/uploads\/2026\/01\/Rectangle-11.png\" alt=\"fretrad traducciones\" loading=\"lazy\" srcset=\"https:\/\/fredtrad.com\/wp-content\/uploads\/2026\/01\/Rectangle-11.png 575w, https:\/\/fredtrad.com\/wp-content\/uploads\/2026\/01\/Rectangle-11-300x205.png 300w, https:\/\/fredtrad.com\/wp-content\/uploads\/2026\/01\/Rectangle-11-18x12.png 18w\" sizes=\"(max-width: 575px) 100vw, 575px\">\n<\/div><div class=\"bde-div-236-109-233-236-1 bde-div bde-div-236-109\">\n  \n  \n\t\n\n\n\n<h3 class=\"bde-heading-236-104-233-236-1 bde-heading bde-heading-236-104\">\nTraducci\u00f3n Jurada vs. Traducci\u00f3n Normal: Diferencias Clave\n<\/h3>\n<\/div><div class=\"bde-text-236-105-233-236-1 bde-text bde-text-236-105\">\nLorem ipsum dolor sit amet, consectetur adipiscing elit, sed do eiusmod tempor incididunt ut labore ...\n<\/div><div class=\"bde-text-236-108-233-236-1 bde-text bde-text-236-108\">\nLeer m\u00e1s \u2192\n<\/div>\n\n<\/a>\n<\/div>    <\/article>\n    <article class=\"bde-loop-item ee-post swiper-slide\">\n        <div class=\"bde-div-236-100-230-236-1 bde-div bde-div-236-100\">\n  \n  \n\t\n\n\n\n<a class=\"bde-container-link-236-107-230-236-1 bde-container-link bde-container-link-236-107 breakdance-link\" href=\"https:\/\/fredtrad.com\/sv\/2026\/01\/12\/traduccion-jurada-vs-traduccion-normal-diferencias-clave\/\" target=\"_self\" data-type=\"url\">\n  \n  \n\t\n\n\n\n<div class=\"bde-div-236-110-230-236-1 bde-div bde-div-236-110\">\n  \n  \n\t\n\n\n\n<img decoding=\"async\" class=\"bde-image2-236-101-230-236-1 bde-image2 img bde-image2-236-101\" src=\"https:\/\/fredtrad.com\/wp-content\/uploads\/2026\/01\/Rectangle-12.png\" alt=\"fredtrad muchas piezas con letras\" loading=\"lazy\" srcset=\"https:\/\/fredtrad.com\/wp-content\/uploads\/2026\/01\/Rectangle-12.png 574w, https:\/\/fredtrad.com\/wp-content\/uploads\/2026\/01\/Rectangle-12-300x205.png 300w, https:\/\/fredtrad.com\/wp-content\/uploads\/2026\/01\/Rectangle-12-18x12.png 18w\" sizes=\"(max-width: 574px) 100vw, 574px\">\n<\/div><div class=\"bde-div-236-109-230-236-1 bde-div bde-div-236-109\">\n  \n  \n\t\n\n\n\n<h3 class=\"bde-heading-236-104-230-236-1 bde-heading bde-heading-236-104\">\nTraducci\u00f3n Jurada vs. Traducci\u00f3n Normal: Diferencias Clave\n<\/h3>\n<\/div><div class=\"bde-text-236-105-230-236-1 bde-text bde-text-236-105\">\nLorem ipsum dolor sit amet, consectetur adipiscing elit, sed do eiusmod tempor incididunt ut labore ...\n<\/div><div class=\"bde-text-236-108-230-236-1 bde-text bde-text-236-108\">\nLeer m\u00e1s \u2192\n<\/div>\n\n<\/a>\n<\/div>    <\/article>\n    <article class=\"bde-loop-item ee-post swiper-slide\">\n        <div class=\"bde-div-236-100-227-236-1 bde-div bde-div-236-100\">\n  \n  \n\t\n\n\n\n<a class=\"bde-container-link-236-107-227-236-1 bde-container-link bde-container-link-236-107 breakdance-link\" href=\"https:\/\/fredtrad.com\/sv\/2026\/01\/12\/5-claves-para-negociar-con-empresas-suecas\/\" target=\"_self\" data-type=\"url\">\n  \n  \n\t\n\n\n\n<div class=\"bde-div-236-110-227-236-1 bde-div bde-div-236-110\">\n  \n  \n\t\n\n\n\n<img decoding=\"async\" class=\"bde-image2-236-101-227-236-1 bde-image2 img bde-image2-236-101\" src=\"https:\/\/fredtrad.com\/wp-content\/uploads\/2026\/01\/Rectangle-10.png\" alt=\"fredtrad - grupo de gente reunida\" loading=\"lazy\" srcset=\"https:\/\/fredtrad.com\/wp-content\/uploads\/2026\/01\/Rectangle-10.png 1169w, https:\/\/fredtrad.com\/wp-content\/uploads\/2026\/01\/Rectangle-10-300x205.png 300w, https:\/\/fredtrad.com\/wp-content\/uploads\/2026\/01\/Rectangle-10-1024x699.png 1024w, https:\/\/fredtrad.com\/wp-content\/uploads\/2026\/01\/Rectangle-10-768x524.png 768w, https:\/\/fredtrad.com\/wp-content\/uploads\/2026\/01\/Rectangle-10-18x12.png 18w\" sizes=\"(max-width: 1169px) 100vw, 1169px\">\n<\/div><div class=\"bde-div-236-109-227-236-1 bde-div bde-div-236-109\">\n  \n  \n\t\n\n\n\n<h3 class=\"bde-heading-236-104-227-236-1 bde-heading bde-heading-236-104\">\n5 Claves para negociar con empresas Suecas\n<\/h3>\n<\/div><div class=\"bde-text-236-105-227-236-1 bde-text bde-text-236-105\">\nLorem ipsum dolor sit amet, consectetur adipiscing elit, sed do eiusmod tempor incididunt ut labore ...\n<\/div><div class=\"bde-text-236-108-227-236-1 bde-text bde-text-236-108\">\nLeer m\u00e1s \u2192\n<\/div>\n\n<\/a>\n<\/div>    <\/article>\n<\/div><\/div>\n    \n    \n<\/div>\r\n<\/div><\/div>\n<\/section><\/div>","protected":false},"excerpt":{"rendered":"<p>Servicios Profesionales de Traducci\u00f3n e Interpretaci\u00f3n Especializadas en los idiomas sueco y espa\u00f1ol, ofrecemos soluciones ling\u00fc\u00edsticas integrales, adaptadas a tus necesidades personales, jur\u00eddicas y empresariales. Nuestros Servicios Traducci\u00f3njurada Traducciones juradas de sueco y espa\u00f1ol. Nuestras traducciones juradas se aceptan por todas las autoridades y entidades en Espa\u00f1a. Ejemplos de documentos Algunos ejemplos de documentos que [&hellip;]<\/p>\n","protected":false},"author":1,"featured_media":0,"parent":0,"menu_order":0,"comment_status":"closed","ping_status":"closed","template":"","meta":{"_breakdance_hide_in_design_set":false,"_breakdance_tags":"","footnotes":""},"class_list":["post-166","page","type-page","status-publish","hentry"],"_links":{"self":[{"href":"https:\/\/fredtrad.com\/sv\/wp-json\/wp\/v2\/pages\/166","targetHints":{"allow":["GET"]}}],"collection":[{"href":"https:\/\/fredtrad.com\/sv\/wp-json\/wp\/v2\/pages"}],"about":[{"href":"https:\/\/fredtrad.com\/sv\/wp-json\/wp\/v2\/types\/page"}],"author":[{"embeddable":true,"href":"https:\/\/fredtrad.com\/sv\/wp-json\/wp\/v2\/users\/1"}],"replies":[{"embeddable":true,"href":"https:\/\/fredtrad.com\/sv\/wp-json\/wp\/v2\/comments?post=166"}],"version-history":[{"count":53,"href":"https:\/\/fredtrad.com\/sv\/wp-json\/wp\/v2\/pages\/166\/revisions"}],"predecessor-version":[{"id":617,"href":"https:\/\/fredtrad.com\/sv\/wp-json\/wp\/v2\/pages\/166\/revisions\/617"}],"wp:attachment":[{"href":"https:\/\/fredtrad.com\/sv\/wp-json\/wp\/v2\/media?parent=166"}],"curies":[{"name":"wp","href":"https:\/\/api.w.org\/{rel}","templated":true}]}}