{"id":15,"date":"2025-12-15T12:09:43","date_gmt":"2025-12-15T11:09:43","guid":{"rendered":"https:\/\/fredtrad.com\/?page_id=15"},"modified":"2026-03-19T17:41:06","modified_gmt":"2026-03-19T16:41:06","slug":"home","status":"publish","type":"page","link":"https:\/\/fredtrad.com\/sv\/","title":{"rendered":"Home"},"content":{"rendered":"<section class=\"bde-section-15-123 bde-section\">\n  \n  \n\t\n\n\n\n<div class=\"section-container\"><div class=\"bde-div-15-125 bde-div\">\n  \n  \n\t\n\n\n\n<h1 class=\"bde-heading-15-242 bde-heading translation-block\">\u00d6vers\u00e4ttning och tolkning mellan<br>svenska och spanska<\/h1><div class=\"bde-text-15-129 bde-text\">\n\u00d6vers\u00e4ttningar som underl\u00e4ttar kommunikationen mellan Spanien och Sverige \u2013 med spr\u00e5klig och kulturell f\u00f6rst\u00e5else\n<\/div><div class=\"bde-div-15-131 bde-div\">\n  \n  \n\t\n\n\n\n<div class=\"bde-button-15-132 bde-button\">\n    \n                                    \n    \n    \n    \n    \n            \n                    \n            \n            \n\n    \n    \n    \n    \n    \n    <a class=\"breakdance-link button-atom button-atom--primary bde-button__button\" href=\"https:\/\/fredtrad.com\/sv\/contacto\/\" target=\"_self\" data-type=\"url\"  >\n\n    \n        <span class=\"button-atom__text\">Beg\u00e4r en kostnadsfri offert<\/span>\n\n        \n        \n                <\/a>\n\n    \n\n\n<\/div><div class=\"bde-button-15-276 bde-button\">\n    \n                                    \n    \n    \n    \n    \n            \n                    \n            \n            \n\n    \n    \n    \n    \n    \n    <a class=\"breakdance-link button-atom button-atom--primary bde-button__button\" href=\"https:\/\/fredtrad.com\/sv\/contacto\/\" target=\"_self\" data-type=\"url\"  >\n\n    \n        <span class=\"button-atom__text\">Beg\u00e4r en kostnadsfri offert<\/span>\n\n        \n        \n                <\/a>\n\n    \n\n\n<\/div><div class=\"bde-button-15-133 bde-button\">\n    \n                        \n                        \n    \n    \n    \n    \n            \n                    \n            \n            \n\n    \n    \n    \n    \n    \n    <a class=\"breakdance-link button-atom button-atom--secondary bde-button__button\" href=\"https:\/\/fredtrad.com\/sv\/quienes-somos\/\" target=\"_self\" data-type=\"url\"  >\n\n    \n        <span class=\"button-atom__text\">\u00e5rt team<\/span>\n\n        \n        \n                <\/a>\n\n    \n\n\n<\/div>\n<\/div>\n<\/div><\/div>\n<\/section><section class=\"bde-section-15-167 bde-section\">\n  \n  \n\t\n\n\n\n<div class=\"section-container\"><div class=\"bde-div-15-137 bde-div\">\n  \n  \n\t\n\n\n\n<div class=\"bde-icon-15-138 bde-icon\">\n\n    \n            <div class=\"bde-icon-icon breakdance-icon-atom\" >\n    \n                    <svg xmlns=\"http:\/\/www.w3.org\/2000\/svg\" viewbox=\"0 0 512 512\"><!--! Font Awesome Free 6.5.1 by @fontawesome - https:\/\/fontawesome.com License - https:\/\/fontawesome.com\/license\/free (Icons: CC BY 4.0, Fonts: SIL OFL 1.1, Code: MIT License) Copyright 2023 Fonticons, Inc. --><path d=\"M256 512A256 256 0 1 0 256 0a256 256 0 1 0 0 512z\"\/><\/svg>\n        \n        \n        \n            <\/div>\n    \n\n\n<\/div><h4 class=\"bde-heading-15-254 bde-heading\">\nV\u00e5ra tj\u00e4nster\n<\/h4>\n<\/div><div class=\"bde-columns-15-174 bde-columns\"><div class=\"bde-column-15-175 bde-column\">\n  \n  \n\t\n\n\n\n<a class=\"bde-container-link-15-229 bde-container-link breakdance-link\" href=\"https:\/\/fredtrad.com\/sv\/servicios\/\" target=\"_self\" data-type=\"url\">\n  \n  \n\t\n\n\n\n<div class=\"bde-div-15-231 bde-div\">\n  \n  \n\t\n\n\n\n<h2 class=\"bde-heading-15-243 bde-heading translation-block\">Auktoriserad \u00f6vers\u00e4ttning mellan svenska och spanska<\/h2><div class=\"bde-icon-15-185 bde-icon\">\n\n    \n            <div class=\"bde-icon-icon breakdance-icon-atom\" >\n    \n                    <svg width=\"24\" height=\"24\" viewbox=\"0 0 24 24\" fill=\"none\" xmlns=\"http:\/\/www.w3.org\/2000\/svg\">\r\n<path d=\"M1.95797 23.2392L0 21.2812L18.4509 2.8125H1.67672V0H23.2392V21.5625H20.4267V4.78828L1.95797 23.2392Z\" fill=\"#041040\"\/>\r\n<\/svg>\n        \n        \n        \n            <\/div>\n    \n\n\n<\/div>\n<\/div><div class=\"bde-text-15-180 bde-text\">\n\u00d6vers\u00e4ttning av juridiska dokument, intyg och officiella handlingar, som godtas av spanska myndigheter\n<\/div>\n\n<\/a>\n<\/div><div class=\"bde-column-15-192 bde-column\">\n  \n  \n\t\n\n\n\n<a class=\"bde-container-link-15-232 bde-container-link breakdance-link\" href=\"https:\/\/fredtrad.com\/sv\/servicios\/\" target=\"_self\" data-type=\"url\">\n  \n  \n\t\n\n\n\n<div class=\"bde-div-15-244 bde-div\">\n  \n  \n\t\n\n\n\n<h2 class=\"bde-heading-15-245 bde-heading translation-block\"><br>Teknisk<br>\u00f6vers\u00e4ttning<\/h2><div class=\"bde-icon-15-246 bde-icon\">\n\n    \n            <div class=\"bde-icon-icon breakdance-icon-atom\" >\n    \n                    <svg width=\"24\" height=\"24\" viewbox=\"0 0 24 24\" fill=\"none\" xmlns=\"http:\/\/www.w3.org\/2000\/svg\">\r\n<path d=\"M1.95797 23.2392L0 21.2812L18.4509 2.8125H1.67672V0H23.2392V21.5625H20.4267V4.78828L1.95797 23.2392Z\" fill=\"#041040\"\/>\r\n<\/svg>\n        \n        \n        \n            <\/div>\n    \n\n\n<\/div>\n<\/div><div class=\"bde-text-15-236 bde-text\">\nManuales, especificaciones y documentaci\u00f3n t\u00e9cnica especializada para tu sector\n<\/div>\n\n<\/a>\n<\/div><div class=\"bde-column-15-186 bde-column\">\n  \n  \n\t\n\n\n\n<a class=\"bde-container-link-15-237 bde-container-link breakdance-link\" href=\"https:\/\/fredtrad.com\/sv\/servicios\/\" target=\"_self\" data-type=\"url\">\n  \n  \n\t\n\n\n\n<div class=\"bde-div-15-247 bde-div\">\n  \n  \n\t\n\n\n\n<h2 class=\"bde-heading-15-248 bde-heading translation-block\"><br>Professionell<br>tolkning<\/h2><div class=\"bde-icon-15-249 bde-icon\">\n\n    \n            <div class=\"bde-icon-icon breakdance-icon-atom\" >\n    \n                    <svg width=\"24\" height=\"24\" viewbox=\"0 0 24 24\" fill=\"none\" xmlns=\"http:\/\/www.w3.org\/2000\/svg\">\r\n<path d=\"M1.95797 23.2392L0 21.2812L18.4509 2.8125H1.67672V0H23.2392V21.5625H20.4267V4.78828L1.95797 23.2392Z\" fill=\"#041040\"\/>\r\n<\/svg>\n        \n        \n        \n            <\/div>\n    \n\n\n<\/div>\n<\/div><div class=\"bde-text-15-241 bde-text\">\nTolkning vid m\u00f6ten, konferenser och f\u00f6rhandlingar\n<\/div>\n\n<\/a>\n<\/div><\/div><\/div>\n<\/section><section class=\"bde-section-15-134 bde-section\">\n  \n  \n\t\n\n\n\n<div class=\"section-container\"><div class=\"bde-div-15-168 bde-div\">\n  \n  \n\t\n\n\n\n<div class=\"bde-icon-15-169 bde-icon\">\n\n    \n            <div class=\"bde-icon-icon breakdance-icon-atom\" >\n    \n                    <svg xmlns=\"http:\/\/www.w3.org\/2000\/svg\" viewbox=\"0 0 512 512\"><!--! Font Awesome Free 6.5.1 by @fontawesome - https:\/\/fontawesome.com License - https:\/\/fontawesome.com\/license\/free (Icons: CC BY 4.0, Fonts: SIL OFL 1.1, Code: MIT License) Copyright 2023 Fonticons, Inc. --><path d=\"M256 512A256 256 0 1 0 256 0a256 256 0 1 0 0 512z\"\/><\/svg>\n        \n        \n        \n            <\/div>\n    \n\n\n<\/div><h4 class=\"bde-heading-15-255 bde-heading\">\nVarf\u00f6r anlita oss?\n<\/h4>\n<\/div><div class=\"bde-columns-15-139 bde-columns\"><div class=\"bde-column-15-140 bde-column\">\n  \n  \n\t\n\n\n\n<div class=\"bde-columns-15-142 bde-columns\"><div class=\"bde-column-15-143 bde-column\">\n  \n  \n\t\n\n\n\n<div class=\"bde-div-15-154 bde-div\">\n  \n  \n\t\n\n\n\n<div class=\"bde-div-15-155 bde-div\">\n  \n  \n\t\n\n\n\n<div class=\"bde-icon-15-156 bde-icon\">\n\n    \n            <div class=\"bde-icon-icon breakdance-icon-atom\" >\n    \n                    <svg width=\"35\" height=\"35\" viewbox=\"0 0 35 35\" fill=\"none\" xmlns=\"http:\/\/www.w3.org\/2000\/svg\">\r\n<path d=\"M17.4199 34.8333C15.0109 34.8333 12.7466 34.3762 10.6269 33.462C8.50728 32.5478 6.66356 31.3071 5.09575 29.7399C3.52794 28.1727 2.28662 26.3297 1.37179 24.211C0.457264 22.0923 0 19.8286 0 17.4199C0 15.0109 0.457111 12.7466 1.37133 10.6269C2.28556 8.50728 3.52626 6.66356 5.09346 5.09575C6.66065 3.52794 8.50361 2.28662 10.6223 1.37179C12.7411 0.457264 15.0048 0 17.4135 0C19.8225 0 22.0868 0.45711 24.2064 1.37133C26.3261 2.28556 28.1698 3.52626 29.7376 5.09346C31.3054 6.66065 32.5467 8.50361 33.4615 10.6223C34.3761 12.7411 34.8333 15.0048 34.8333 17.4135C34.8333 19.8225 34.3762 22.0868 33.462 24.2064C32.5478 26.3261 31.3071 28.1698 29.7399 29.7376C28.1727 31.3054 26.3297 32.5467 24.211 33.4615C22.0923 34.3761 19.8286 34.8333 17.4199 34.8333ZM17.4167 32.0833C21.5111 32.0833 24.9792 30.6625 27.8208 27.8208C30.6625 24.9792 32.0833 21.5111 32.0833 17.4167C32.0833 13.3222 30.6625 9.85417 27.8208 7.0125C24.9792 4.17083 21.5111 2.75 17.4167 2.75C13.3222 2.75 9.85417 4.17083 7.0125 7.0125C4.17083 9.85417 2.75 13.3222 2.75 17.4167C2.75 21.5111 4.17083 24.9792 7.0125 27.8208C9.85417 30.6625 13.3222 32.0833 17.4167 32.0833ZM17.4208 27.5C14.621 27.5 12.2398 26.5201 10.2772 24.5603C8.31463 22.6004 7.33333 20.2206 7.33333 17.4208C7.33333 14.621 8.31325 12.2398 10.2731 10.2772C12.2329 8.31462 14.6127 7.33333 17.4125 7.33333C20.2123 7.33333 22.5935 8.31325 24.5561 10.2731C26.5187 12.2329 27.5 14.6127 27.5 17.4125C27.5 20.2123 26.5201 22.5935 24.5603 24.5561C22.6004 26.5187 20.2206 27.5 17.4208 27.5ZM17.4167 24.75C19.4333 24.75 21.1597 24.0319 22.5958 22.5958C24.0319 21.1597 24.75 19.4333 24.75 17.4167C24.75 15.4 24.0319 13.6736 22.5958 12.2375C21.1597 10.8014 19.4333 10.0833 17.4167 10.0833C15.4 10.0833 13.6736 10.8014 12.2375 12.2375C10.8014 13.6736 10.0833 15.4 10.0833 17.4167C10.0833 19.4333 10.8014 21.1597 12.2375 22.5958C13.6736 24.0319 15.4 24.75 17.4167 24.75ZM17.4167 20.1667C16.6668 20.1667 16.021 19.8958 15.4793 19.354C14.9375 18.8123 14.6667 18.1665 14.6667 17.4167C14.6667 16.6668 14.9375 16.021 15.4793 15.4793C16.021 14.9375 16.6668 14.6667 17.4167 14.6667C18.1665 14.6667 18.8123 14.9375 19.354 15.4793C19.8958 16.021 20.1667 16.6668 20.1667 17.4167C20.1667 18.1665 19.8958 18.8123 19.354 19.354C18.8123 19.8958 18.1665 20.1667 17.4167 20.1667Z\" fill=\"#041040\"\/>\r\n<\/svg>\n        \n        \n        \n            <\/div>\n    \n\n\n<\/div><h2 class=\"bde-heading-15-250 bde-heading\">\nSpecialisterp\u00e5 svenska och spanska\n<\/h2>\n<\/div>\n<\/div><div class=\"bde-text-15-152 bde-text\">\nVi \u00e4r specialiserade p\u00e5 \u00f6vers\u00e4ttning och tolkning mellan svenska och spanska. V\u00e5rt fokus g\u00f6r att vi kan  erbjuda tj\u00e4nster med h\u00f6g kvalitet som genomsyras av  spr\u00e5klig och kulturell f\u00f6rst\u00e5else.\n<\/div><div class=\"bde-fancy-divider-15-153 bde-fancy-divider\">\n\n\n<div class=\"bde-fancy-divider__wrapper\">\n  <div class=\"bde-fancy-divider__separator\">\n  \t  <\/div>\n<\/div>\n\n<\/div>\n<\/div><div class=\"bde-column-15-266 bde-column\">\n  \n  \n\t\n\n\n\n<div class=\"bde-div-15-267 bde-div\">\n  \n  \n\t\n\n\n\n<div class=\"bde-div-15-268 bde-div\">\n  \n  \n\t\n\n\n\n<div class=\"bde-icon-15-269 bde-icon\">\n\n    \n            <div class=\"bde-icon-icon breakdance-icon-atom\" >\n    \n                    <svg width=\"32\" height=\"35\" viewbox=\"0 0 32 35\" fill=\"none\" xmlns=\"http:\/\/www.w3.org\/2000\/svg\">\r\n<path d=\"M7.03358 34.8682L14.4022 21.5591L0 19.8138L21.3125 0H24.1684L16.7113 13.327L31.1667 15.0544L9.85417 34.8682H7.03358ZM14.723 26.4564L24.9934 17.0885L12.347 15.5829L16.451 8.40492L6.17329 17.7902L18.7738 19.3201L14.723 26.4564Z\" fill=\"#041040\"\/>\r\n<\/svg>\n        \n        \n        \n            <\/div>\n    \n\n\n<\/div><h2 class=\"bde-heading-15-270 bde-heading\">\nSnabba leveransertider och h\u00f6g tillf\u00f6rlitlighet\n<\/h2>\n<\/div>\n<\/div><div class=\"bde-text-15-271 bde-text\">\nVi levererar projekt i tid utan att kompromissa med kvaliteten\n<\/div><div class=\"bde-fancy-divider-15-272 bde-fancy-divider\">\n\n\n<div class=\"bde-fancy-divider__wrapper\">\n  <div class=\"bde-fancy-divider__separator\">\n  \t  <\/div>\n<\/div>\n\n<\/div>\n<\/div><div class=\"bde-column-15-259 bde-column\">\n  \n  \n\t\n\n\n\n<div class=\"bde-div-15-260 bde-div\">\n  \n  \n\t\n\n\n\n<div class=\"bde-div-15-261 bde-div\">\n  \n  \n\t\n\n\n\n<div class=\"bde-icon-15-262 bde-icon\">\n\n    \n            <div class=\"bde-icon-icon breakdance-icon-atom\" >\n    \n                    <svg width=\"28\" height=\"35\" viewbox=\"0 0 28 35\" fill=\"none\" xmlns=\"http:\/\/www.w3.org\/2000\/svg\">\r\n<path d=\"M13.75 34.7275C9.78481 33.6461 6.50192 31.3121 3.90133 27.7255C1.30044 24.1389 0 20.1291 0 15.6961V5.14754L13.75 0L27.5 5.14754V15.6961C27.5 20.1291 26.1996 24.1389 23.5987 27.7255C20.9981 31.3121 17.7152 33.6461 13.75 34.7275ZM13.75 31.8294C16.7139 30.9128 19.1889 29.1023 21.175 26.3982C23.1611 23.694 24.3222 20.6766 24.6583 17.3461H13.75V2.926L2.75 7.03358V16.5037C2.75 16.7292 2.78056 17.01 2.84167 17.3461H13.75V31.8294Z\" fill=\"#041040\"\/>\r\n<\/svg>\n        \n        \n        \n            <\/div>\n    \n\n\n<\/div><h2 class=\"bde-heading-15-263 bde-heading\">\nFullst\u00e4ndig sekretess\n<\/h2>\n<\/div>\n<\/div><div class=\"bde-text-15-264 bde-text\">\nHos oss \u00e4r dina dokument i trygga h\u00e4nder. Vi efterlever GDPR och f\u00f6ljer strikta sekretessavtal.\n<\/div>\n<\/div><\/div>\n<\/div><div class=\"bde-column-15-141 bde-column\">\n  \n  \n\t\n\n\n\n<img decoding=\"async\" class=\"bde-image2-15-146 bde-image2\" src=\"https:\/\/fredtrad.com\/wp-content\/uploads\/2025\/12\/93dac716a90130767fda65cb67980b0d5fb069d0.png\" alt=\"Bandera sueca\" loading=\"lazy\" srcset=\"https:\/\/fredtrad.com\/wp-content\/uploads\/2025\/12\/93dac716a90130767fda65cb67980b0d5fb069d0.png 1431w, https:\/\/fredtrad.com\/wp-content\/uploads\/2025\/12\/93dac716a90130767fda65cb67980b0d5fb069d0-215x300.png 215w, https:\/\/fredtrad.com\/wp-content\/uploads\/2025\/12\/93dac716a90130767fda65cb67980b0d5fb069d0-733x1024.png 733w, https:\/\/fredtrad.com\/wp-content\/uploads\/2025\/12\/93dac716a90130767fda65cb67980b0d5fb069d0-768x1073.png 768w, https:\/\/fredtrad.com\/wp-content\/uploads\/2025\/12\/93dac716a90130767fda65cb67980b0d5fb069d0-1099x1536.png 1099w\" sizes=\"(max-width: 1431px) 100vw, 1431px\">\n<\/div><\/div><\/div>\n<\/section><section class=\"bde-section-15-199 bde-section\">\n  \n  \n\t\n\n\n\n<div class=\"section-container\"><div class=\"bde-div-15-202 bde-div\">\n  \n  \n\t\n\n\n\n<h4 class=\"bde-heading-15-257 bde-heading\">\nOmd\u00f6men\n<\/h4><h2 class=\"bde-heading-15-253 bde-heading\">\nOmd\u00f6men fr\u00e5n v\u00e5ra kunder\n<\/h2><div id=\"google-reviews\" class=\"bde-shortcode-15-214 bde-shortcode\"> <\/div><div class=\"bde-button-15-216 bde-button\">\n    \n                        \n                        \n    \n    \n    \n    \n            \n                    \n            \n            \n\n    \n    \n    \n    \n    \n    <a class=\"breakdance-link button-atom button-atom--custom bde-button__button\" href=\"https:\/\/www.google.com\/maps\/place\/Fredriksson+Traducci%C3%B3n\/@41.4939334,2.0030822,17z\/data=!3m1!4b1!4m6!3m5!1s0x12a491791f997777:0x3acc05322ec0c39b!8m2!3d41.4939334!4d2.0056571!16s%2Fg%2F11yq30d1l7?entry=ttu&amp;g_ep=EgoyMDI2MDEwNy4wIKXMDSoASAFQAw%3D%3D\" target=\"_blank\" data-type=\"url\" rel=\"noopener\">\n\n    \n        <span class=\"button-atom__text\">Dejanos tu rese\u00f1a<\/span>\n\n        \n        \n                <\/a>\n\n    \n\n\n<\/div>\n<\/div><\/div>\n<\/section><div class=\"bde-globalblock-15-275 bde-globalblock\"><section class=\"bde-section-405-100-405-1 bde-section bde-section-405-100\">\n  \n  \n\t\n\n\n\n<div class=\"section-container\"><div class=\"bde-div-405-101-405-1 bde-div bde-div-405-101\">\n  \n  \n\t\n\n\n\n<div class=\"bde-icon-405-102-405-1 bde-icon bde-icon-405-102\">\n\n    \n            <div class=\"bde-icon-icon breakdance-icon-atom\" >\n    \n                    <svg xmlns=\"http:\/\/www.w3.org\/2000\/svg\" viewbox=\"0 0 512 512\"><!--! Font Awesome Free 6.5.1 by @fontawesome - https:\/\/fontawesome.com License - https:\/\/fontawesome.com\/license\/free (Icons: CC BY 4.0, Fonts: SIL OFL 1.1, Code: MIT License) Copyright 2023 Fonticons, Inc. --><path d=\"M256 512A256 256 0 1 0 256 0a256 256 0 1 0 0 512z\"\/><\/svg>\n        \n        \n        \n            <\/div>\n    \n\n\n<\/div><h4 class=\"bde-heading-405-103-405-1 bde-heading bde-heading-405-103\">\nIntressanta nyheter\n<\/h4>\n<\/div><div class=\"bde-post-loop-405-104-405-1 bde-post-loop bde-post-loop-405-104\"><div class=\"breakdance-swiper-wrapper\" data-swiper-id=\"104\"><div class=\"swiper\"><div class=\"bde-loop bde-loop-slider ee-posts ee-posts-slider swiper-wrapper\">    <article class=\"bde-loop-item ee-post swiper-slide\">\n        <div class=\"bde-div-236-100-233-236-1 bde-div bde-div-236-100\">\n  \n  \n\t\n\n\n\n<a class=\"bde-container-link-236-107-233-236-1 bde-container-link bde-container-link-236-107 breakdance-link\" href=\"https:\/\/fredtrad.com\/sv\/2026\/01\/12\/traduccion-jurada-vs-traduccion-normal-diferencias-clave-2\/\" target=\"_self\" data-type=\"url\">\n  \n  \n\t\n\n\n\n<div class=\"bde-div-236-110-233-236-1 bde-div bde-div-236-110\">\n  \n  \n\t\n\n\n\n<img decoding=\"async\" class=\"bde-image2-236-101-233-236-1 bde-image2 img bde-image2-236-101\" src=\"https:\/\/fredtrad.com\/wp-content\/uploads\/2026\/01\/Rectangle-11.png\" alt=\"fretrad traducciones\" loading=\"lazy\" srcset=\"https:\/\/fredtrad.com\/wp-content\/uploads\/2026\/01\/Rectangle-11.png 575w, https:\/\/fredtrad.com\/wp-content\/uploads\/2026\/01\/Rectangle-11-300x205.png 300w, https:\/\/fredtrad.com\/wp-content\/uploads\/2026\/01\/Rectangle-11-18x12.png 18w\" sizes=\"(max-width: 575px) 100vw, 575px\">\n<\/div><div class=\"bde-div-236-109-233-236-1 bde-div bde-div-236-109\">\n  \n  \n\t\n\n\n\n<h3 class=\"bde-heading-236-104-233-236-1 bde-heading bde-heading-236-104\">\nTraducci\u00f3n Jurada vs. Traducci\u00f3n Normal: Diferencias Clave\n<\/h3>\n<\/div><div class=\"bde-text-236-105-233-236-1 bde-text bde-text-236-105\">\nLorem ipsum dolor sit amet, consectetur adipiscing elit, sed do eiusmod tempor incididunt ut labore ...\n<\/div><div class=\"bde-text-236-108-233-236-1 bde-text bde-text-236-108\">\nLeer m\u00e1s \u2192\n<\/div>\n\n<\/a>\n<\/div>    <\/article>\n    <article class=\"bde-loop-item ee-post swiper-slide\">\n        <div class=\"bde-div-236-100-230-236-1 bde-div bde-div-236-100\">\n  \n  \n\t\n\n\n\n<a class=\"bde-container-link-236-107-230-236-1 bde-container-link bde-container-link-236-107 breakdance-link\" href=\"https:\/\/fredtrad.com\/sv\/2026\/01\/12\/traduccion-jurada-vs-traduccion-normal-diferencias-clave\/\" target=\"_self\" data-type=\"url\">\n  \n  \n\t\n\n\n\n<div class=\"bde-div-236-110-230-236-1 bde-div bde-div-236-110\">\n  \n  \n\t\n\n\n\n<img decoding=\"async\" class=\"bde-image2-236-101-230-236-1 bde-image2 img bde-image2-236-101\" src=\"https:\/\/fredtrad.com\/wp-content\/uploads\/2026\/01\/Rectangle-12.png\" alt=\"fredtrad muchas piezas con letras\" loading=\"lazy\" srcset=\"https:\/\/fredtrad.com\/wp-content\/uploads\/2026\/01\/Rectangle-12.png 574w, https:\/\/fredtrad.com\/wp-content\/uploads\/2026\/01\/Rectangle-12-300x205.png 300w, https:\/\/fredtrad.com\/wp-content\/uploads\/2026\/01\/Rectangle-12-18x12.png 18w\" sizes=\"(max-width: 574px) 100vw, 574px\">\n<\/div><div class=\"bde-div-236-109-230-236-1 bde-div bde-div-236-109\">\n  \n  \n\t\n\n\n\n<h3 class=\"bde-heading-236-104-230-236-1 bde-heading bde-heading-236-104\">\nTraducci\u00f3n Jurada vs. Traducci\u00f3n Normal: Diferencias Clave\n<\/h3>\n<\/div><div class=\"bde-text-236-105-230-236-1 bde-text bde-text-236-105\">\nLorem ipsum dolor sit amet, consectetur adipiscing elit, sed do eiusmod tempor incididunt ut labore ...\n<\/div><div class=\"bde-text-236-108-230-236-1 bde-text bde-text-236-108\">\nLeer m\u00e1s \u2192\n<\/div>\n\n<\/a>\n<\/div>    <\/article>\n    <article class=\"bde-loop-item ee-post swiper-slide\">\n        <div class=\"bde-div-236-100-227-236-1 bde-div bde-div-236-100\">\n  \n  \n\t\n\n\n\n<a class=\"bde-container-link-236-107-227-236-1 bde-container-link bde-container-link-236-107 breakdance-link\" href=\"https:\/\/fredtrad.com\/sv\/2026\/01\/12\/5-claves-para-negociar-con-empresas-suecas\/\" target=\"_self\" data-type=\"url\">\n  \n  \n\t\n\n\n\n<div class=\"bde-div-236-110-227-236-1 bde-div bde-div-236-110\">\n  \n  \n\t\n\n\n\n<img decoding=\"async\" class=\"bde-image2-236-101-227-236-1 bde-image2 img bde-image2-236-101\" src=\"https:\/\/fredtrad.com\/wp-content\/uploads\/2026\/01\/Rectangle-10.png\" alt=\"fredtrad - grupo de gente reunida\" loading=\"lazy\" srcset=\"https:\/\/fredtrad.com\/wp-content\/uploads\/2026\/01\/Rectangle-10.png 1169w, https:\/\/fredtrad.com\/wp-content\/uploads\/2026\/01\/Rectangle-10-300x205.png 300w, https:\/\/fredtrad.com\/wp-content\/uploads\/2026\/01\/Rectangle-10-1024x699.png 1024w, https:\/\/fredtrad.com\/wp-content\/uploads\/2026\/01\/Rectangle-10-768x524.png 768w, https:\/\/fredtrad.com\/wp-content\/uploads\/2026\/01\/Rectangle-10-18x12.png 18w\" sizes=\"(max-width: 1169px) 100vw, 1169px\">\n<\/div><div class=\"bde-div-236-109-227-236-1 bde-div bde-div-236-109\">\n  \n  \n\t\n\n\n\n<h3 class=\"bde-heading-236-104-227-236-1 bde-heading bde-heading-236-104\">\n5 Claves para negociar con empresas Suecas\n<\/h3>\n<\/div><div class=\"bde-text-236-105-227-236-1 bde-text bde-text-236-105\">\nLorem ipsum dolor sit amet, consectetur adipiscing elit, sed do eiusmod tempor incididunt ut labore ...\n<\/div><div class=\"bde-text-236-108-227-236-1 bde-text bde-text-236-108\">\nLeer m\u00e1s \u2192\n<\/div>\n\n<\/a>\n<\/div>    <\/article>\n<\/div><\/div>\n    \n    \n<\/div>\r\n<\/div><\/div>\n<\/section><\/div>","protected":false},"excerpt":{"rendered":"<p>Traducci\u00f3n e interpretaci\u00f3n de Sueco\u00a0de alta precisi\u00f3n Conectamos Espa\u00f1a con Suecia mediante traducciones profesionales que preservan el significado y la intenci\u00f3n original Solicita tu presupuesto sin compromiso Solicita tu presupuesto Conoce nuestro equipo Nuestros Servicios Especializados Traducci\u00f3n Jurada de Sueco Documentos legales, certificados y actas oficiales con validez jur\u00eddica completa Traducci\u00f3n T\u00e9cnica Manuales, especificaciones y [&hellip;]<\/p>\n","protected":false},"author":1,"featured_media":0,"parent":0,"menu_order":0,"comment_status":"closed","ping_status":"closed","template":"","meta":{"_breakdance_hide_in_design_set":false,"_breakdance_tags":"","footnotes":""},"class_list":["post-15","page","type-page","status-publish","hentry"],"_links":{"self":[{"href":"https:\/\/fredtrad.com\/sv\/wp-json\/wp\/v2\/pages\/15","targetHints":{"allow":["GET"]}}],"collection":[{"href":"https:\/\/fredtrad.com\/sv\/wp-json\/wp\/v2\/pages"}],"about":[{"href":"https:\/\/fredtrad.com\/sv\/wp-json\/wp\/v2\/types\/page"}],"author":[{"embeddable":true,"href":"https:\/\/fredtrad.com\/sv\/wp-json\/wp\/v2\/users\/1"}],"replies":[{"embeddable":true,"href":"https:\/\/fredtrad.com\/sv\/wp-json\/wp\/v2\/comments?post=15"}],"version-history":[{"count":173,"href":"https:\/\/fredtrad.com\/sv\/wp-json\/wp\/v2\/pages\/15\/revisions"}],"predecessor-version":[{"id":613,"href":"https:\/\/fredtrad.com\/sv\/wp-json\/wp\/v2\/pages\/15\/revisions\/613"}],"wp:attachment":[{"href":"https:\/\/fredtrad.com\/sv\/wp-json\/wp\/v2\/media?parent=15"}],"curies":[{"name":"wp","href":"https:\/\/api.w.org\/{rel}","templated":true}]}}