{"id":133,"date":"2025-12-18T13:30:32","date_gmt":"2025-12-18T12:30:32","guid":{"rendered":"https:\/\/fredtrad.com\/?page_id=133"},"modified":"2026-03-11T12:18:37","modified_gmt":"2026-03-11T11:18:37","slug":"quienes-somos","status":"publish","type":"page","link":"https:\/\/fredtrad.com\/sv\/quienes-somos\/","title":{"rendered":"Om oss"},"content":{"rendered":"<section class=\"bde-section-133-100 bde-section\">\n  \n  \n\t\n\n\n\n<div class=\"section-container\"><div class=\"bde-columns-133-104 bde-columns\"><div class=\"bde-column-133-105 bde-column\">\n  \n  \n\t\n\n\n\n<img decoding=\"async\" class=\"bde-image2-133-101 bde-image2\" src=\"https:\/\/fredtrad.com\/wp-content\/uploads\/2025\/12\/9a6a70bc2d76db1a65b049afff0162ecd78936b8.png\" alt=\"Fredtrad - Traductores sueco\" loading=\"lazy\" srcset=\"https:\/\/fredtrad.com\/wp-content\/uploads\/2025\/12\/9a6a70bc2d76db1a65b049afff0162ecd78936b8.png 1333w, https:\/\/fredtrad.com\/wp-content\/uploads\/2025\/12\/9a6a70bc2d76db1a65b049afff0162ecd78936b8-200x300.png 200w, https:\/\/fredtrad.com\/wp-content\/uploads\/2025\/12\/9a6a70bc2d76db1a65b049afff0162ecd78936b8-682x1024.png 682w, https:\/\/fredtrad.com\/wp-content\/uploads\/2025\/12\/9a6a70bc2d76db1a65b049afff0162ecd78936b8-768x1152.png 768w, https:\/\/fredtrad.com\/wp-content\/uploads\/2025\/12\/9a6a70bc2d76db1a65b049afff0162ecd78936b8-1024x1536.png 1024w, https:\/\/fredtrad.com\/wp-content\/uploads\/2025\/12\/9a6a70bc2d76db1a65b049afff0162ecd78936b8-8x12.png 8w\" sizes=\"(max-width: 1333px) 100vw, 1333px\">\n<\/div><div class=\"bde-column-133-106 bde-column\">\n  \n  \n\t\n\n\n\n<h1 class=\"bde-heading-133-107 bde-heading\">\nFredriksson<br>Traducci\u00f3n\n<\/h1><div class=\"bde-text-133-108 bde-text translation-block\">Vi \u00e4r specialiserade p\u00e5 svenska och spanska och erbjuder spr\u00e5kl\u00f6sningar som \u00e4r anpassade efter dina personliga, juridiska och aff\u00e4rsm\u00e4ssiga behov.<\/div><a class=\"bde-container-link-133-175 bde-container-link breakdance-link\" href=\"https:\/\/fredtrad.com\/sv\/servicios\/\" target=\"_self\" data-type=\"url\">\n  \n  \n\t\n\n\n\n<div class=\"bde-div-133-111 bde-div\">\n  \n  \n\t\n\n\n\n<div class=\"bde-div-133-114 bde-div\">\n  \n  \n\t\n\n\n\n<div class=\"bde-text-133-110 bde-text\">\nV\u00e5ra tj\u00e4nster\n<\/div><div class=\"bde-icon-133-112 bde-icon\">\n\n    \n            <div class=\"bde-icon-icon breakdance-icon-atom\" >\n    \n                    <svg width=\"18\" height=\"18\" viewbox=\"0 0 18 18\" fill=\"none\" xmlns=\"http:\/\/www.w3.org\/2000\/svg\">\r\n<rect width=\"18\" height=\"18\" rx=\"9\" fill=\"#FFC653\"\/>\r\n<path d=\"M5.19617 12.7628L4.5 12.0667L11.0603 5.5H5.09617V4.5H12.7628V12.1667H11.7628V6.2025L5.19617 12.7628Z\" fill=\"#041040\"\/>\r\n<\/svg>\n        \n        \n        \n            <\/div>\n    \n\n\n<\/div>\n<\/div><div class=\"bde-fancy-divider-133-113 bde-fancy-divider\">\n\n\n<div class=\"bde-fancy-divider__wrapper\">\n  <div class=\"bde-fancy-divider__separator\">\n  \t  <\/div>\n<\/div>\n\n<\/div>\n<\/div>\n\n<\/a>\n<\/div><\/div><\/div>\n<\/section><section class=\"bde-section-133-115 bde-section\">\n  \n  \n\t\n\n\n\n<div class=\"section-container\"><div class=\"bde-div-133-176 bde-div\">\n  \n  \n\t\n\n\n\n<div class=\"bde-icon-133-177 bde-icon\">\n\n    \n            <div class=\"bde-icon-icon breakdance-icon-atom\" >\n    \n                    <svg xmlns=\"http:\/\/www.w3.org\/2000\/svg\" viewbox=\"0 0 512 512\"><!--! Font Awesome Free 6.5.1 by @fontawesome - https:\/\/fontawesome.com License - https:\/\/fontawesome.com\/license\/free (Icons: CC BY 4.0, Fonts: SIL OFL 1.1, Code: MIT License) Copyright 2023 Fonticons, Inc. --><path d=\"M256 512A256 256 0 1 0 256 0a256 256 0 1 0 0 512z\"\/><\/svg>\n        \n        \n        \n            <\/div>\n    \n\n\n<\/div><h4 class=\"bde-heading-133-178 bde-heading\">\nOm oss\n<\/h4>\n<\/div><div class=\"bde-columns-133-116 bde-columns\"><div class=\"bde-column-133-117 bde-column\">\n  \n  \n\t\n\n\n\n<div class=\"bde-div-133-119 bde-div\">\n  \n  \n\t\n\n\n\n<img decoding=\"async\" class=\"bde-image2-133-120 bde-image2\" src=\"https:\/\/fredtrad.com\/wp-content\/uploads\/2026\/03\/c1.jpg\" alt=\"Ana Julia Fredriksson\" loading=\"lazy\" srcset=\"https:\/\/fredtrad.com\/wp-content\/uploads\/2026\/03\/c1.jpg 1248w, https:\/\/fredtrad.com\/wp-content\/uploads\/2026\/03\/c1-300x200.jpg 300w, https:\/\/fredtrad.com\/wp-content\/uploads\/2026\/03\/c1-1024x683.jpg 1024w, https:\/\/fredtrad.com\/wp-content\/uploads\/2026\/03\/c1-768x512.jpg 768w, https:\/\/fredtrad.com\/wp-content\/uploads\/2026\/03\/c1-18x12.jpg 18w\" sizes=\"(max-width: 1248px) 100vw, 1248px\"><div class=\"bde-div-133-124 bde-div\">\n  \n  \n\t\n\n\n\n<h2 class=\"bde-heading-133-121 bde-heading\">\nAnna Julia Fredriksson\n<\/h2><div class=\"bde-text-133-122 bde-text\">\nAuktoriserad \u00f6vers\u00e4ttare och tolk\n<\/div>\n<\/div><div class=\"bde-text-133-123 bde-text translation-block\">Jag \u00e4r auktoriserad \u00f6vers\u00e4ttare och tolk, utn\u00e4mnd av Spaniens utrikesministerium. Jag har  \u00e4ven en juristexamen fr\u00e5n Universidad de Barcelona och \u00e4r specialiserad p\u00e5 juridiska \u00f6vers\u00e4ttningar.<br><br> Jag flyttade fr\u00e5n Sverige till Spanien  vid 19 \u00e5rs \u00e5lder och har bott h\u00e4r i \u00f6ver 20 \u00e5r. I och med min bakgrund har jag gedigna kunskaper om  b\u00e5da l\u00e4ndernas spr\u00e5k och kultur.  I mitt arbete som \u00f6vers\u00e4ttare och tolk inneb\u00e4r det att jag inte bara levererar spr\u00e5kligt korrekta \u00f6vers\u00e4ttningar, utan  \u00e4ven tar  h\u00e4nsyn till kulturella och spr\u00e5kliga skillnader och  \u00f6vers\u00e4ttningens syfte.<\/div>\n<\/div>\n<\/div><div class=\"bde-column-133-118 bde-column\">\n  \n  \n\t\n\n\n\n<div class=\"bde-div-133-125 bde-div\">\n  \n  \n\t\n\n\n\n<img decoding=\"async\" class=\"bde-image2-133-126 bde-image2\" src=\"https:\/\/fredtrad.com\/wp-content\/uploads\/2026\/03\/c2.jpg\" alt=\"Klara Fredriksson\" loading=\"lazy\" srcset=\"https:\/\/fredtrad.com\/wp-content\/uploads\/2026\/03\/c2.jpg 1248w, https:\/\/fredtrad.com\/wp-content\/uploads\/2026\/03\/c2-300x200.jpg 300w, https:\/\/fredtrad.com\/wp-content\/uploads\/2026\/03\/c2-1024x683.jpg 1024w, https:\/\/fredtrad.com\/wp-content\/uploads\/2026\/03\/c2-768x512.jpg 768w, https:\/\/fredtrad.com\/wp-content\/uploads\/2026\/03\/c2-18x12.jpg 18w\" sizes=\"(max-width: 1248px) 100vw, 1248px\"><div class=\"bde-div-133-127 bde-div\">\n  \n  \n\t\n\n\n\n<h2 class=\"bde-heading-133-128 bde-heading\">\nKlara Fredriksson\n<\/h2><div class=\"bde-text-133-129 bde-text\">\nAdministration  och kommunikation\n<\/div>\n<\/div><div class=\"bde-text-133-130 bde-text translation-block\">Jag hanterar administration och kundkontakt p\u00e5 Fredriksson Traducci\u00f3n. Jag har m\u00e5ng\u00e5rig erfarenhet fr\u00e5n att jobba inom offentlig f\u00f6rvaltning i Sverige. <br><br>Sedan 2020 bor och arbetar jag i Barcelona och har d\u00e4rf\u00f6r en f\u00f6rst\u00e5else f\u00f6r hur b\u00e5de Spanien och Sverige fungerar och vad du som kund beh\u00f6ver.<\/div>\n<\/div>\n<\/div><\/div><\/div>\n<\/section><section class=\"bde-section-133-131 bde-section\">\n  \n  \n\t\n\n\n\n<div class=\"section-container\"><div class=\"bde-div-133-132 bde-div\">\n  \n  \n\t\n\n\n\n<div class=\"bde-icon-133-134 bde-icon\">\n\n    \n            <div class=\"bde-icon-icon breakdance-icon-atom\" >\n    \n                    <svg xmlns=\"http:\/\/www.w3.org\/2000\/svg\" viewbox=\"0 0 512 512\"><!--! Font Awesome Free 6.5.1 by @fontawesome - https:\/\/fontawesome.com License - https:\/\/fontawesome.com\/license\/free (Icons: CC BY 4.0, Fonts: SIL OFL 1.1, Code: MIT License) Copyright 2023 Fonticons, Inc. --><path d=\"M256 512A256 256 0 1 0 256 0a256 256 0 1 0 0 512z\"\/><\/svg>\n        \n        \n        \n            <\/div>\n    \n\n\n<\/div><h4 class=\"bde-heading-133-133 bde-heading\">\nVarf\u00f6r ska ni v\u00e4lja oss?\n<\/h4>\n<\/div><div class=\"bde-columns-133-135 bde-columns\"><div class=\"bde-column-133-136 bde-column\">\n  \n  \n\t\n\n\n\n<div class=\"bde-icon-133-144 bde-icon\">\n\n    \n            <div class=\"bde-icon-icon breakdance-icon-atom\" >\n    \n                    <svg width=\"52\" height=\"50\" viewbox=\"0 0 52 50\" fill=\"none\" xmlns=\"http:\/\/www.w3.org\/2000\/svg\">\r\n<path d=\"M17.8456 49.3262L13.3844 41.8075L4.91312 39.9512L5.74 31.2306L0 24.6631L5.74 18.0956L4.91312 9.375L13.3844 7.51875L17.8456 0L25.8169 3.38437L33.7881 0L38.2494 7.51875L46.7206 9.375L45.8937 18.0956L51.6338 24.6631L45.8937 31.2306L46.7206 39.9512L38.2494 41.8075L33.7881 49.3262L25.8169 45.9419L17.8456 49.3262ZM19.4419 44.5381L25.8169 41.8363L32.2687 44.5381L35.8169 38.5381L42.6919 36.9613L42.0669 29.9131L46.6919 24.6631L42.0669 19.3363L42.6919 12.2881L35.8169 10.7881L32.1919 4.78812L25.8169 7.49L19.365 4.78812L15.8169 10.7881L8.94188 12.2881L9.56688 19.3363L4.94187 24.6631L9.56688 29.9131L8.94188 37.0381L15.8169 38.5381L19.4419 44.5381ZM23.1919 32.6725L36.4513 19.4131L33.8169 16.7019L23.1919 27.3269L17.8169 22.0287L15.1825 24.6631L23.1919 32.6725Z\" fill=\"#041040\"\/>\r\n<\/svg>\n        \n        \n        \n            <\/div>\n    \n\n\n<\/div><h2 class=\"bde-heading-133-145 bde-heading\">\nKvalitet och flexibilitet\n<\/h2><div class=\"bde-text-133-146 bde-text\">\nCon nosotros, obtendr\u00e1 un servicio fiable, r\u00e1pido y profesional sin intermediarios y sin comprometer la calidad.\n<\/div>\n<\/div><div class=\"bde-column-133-147 bde-column\">\n  \n  \n\t\n\n\n\n<div class=\"bde-icon-133-148 bde-icon\">\n\n    \n            <div class=\"bde-icon-icon breakdance-icon-atom\" >\n    \n                    <svg width=\"47\" height=\"47\" viewbox=\"0 0 47 47\" fill=\"none\" xmlns=\"http:\/\/www.w3.org\/2000\/svg\">\r\n<path d=\"M19.375 18.75C20.5896 18.75 21.6225 18.3246 22.4738 17.4738C23.3246 16.6225 23.75 15.5896 23.75 14.375C23.75 13.1604 23.3246 12.1275 22.4738 11.2762C21.6225 10.4254 20.5896 10 19.375 10C18.1604 10 17.1275 10.4254 16.2763 11.2762C15.4254 12.1275 15 13.1604 15 14.375C15 15.5896 15.4254 16.6225 16.2763 17.4738C17.1275 18.3246 18.1604 18.75 19.375 18.75ZM19.3988 28.75C21.0333 28.75 22.5854 28.4223 24.055 27.7669C25.5246 27.1115 26.8235 26.1748 27.9519 24.9569C26.5735 24.1427 25.1665 23.5298 23.7306 23.1181C22.2948 22.706 20.8508 22.5 19.3988 22.5C17.8029 22.5 16.2669 22.71 14.7906 23.13C13.3148 23.5496 11.9921 24.1585 10.8225 24.9569C11.9346 26.1748 13.2294 27.1115 14.7069 27.7669C16.1844 28.4223 17.7483 28.75 19.3988 28.75ZM44.0963 46.755L31.6488 34.3075C29.8767 35.7213 27.9873 36.815 25.9806 37.5888C23.9744 38.3629 21.7725 38.75 19.375 38.75C13.9679 38.75 9.38708 36.8725 5.6325 33.1175C1.8775 29.3629 0 24.7821 0 19.375C0 13.9679 1.8775 9.38708 5.6325 5.6325C9.38708 1.8775 13.9679 0 19.375 0C24.7821 0 29.3629 1.8775 33.1175 5.6325C36.8725 9.38708 38.75 13.9679 38.75 19.375C38.75 21.7725 38.3629 23.9783 37.5888 25.9925C36.815 28.0071 35.7213 29.9006 34.3075 31.6731L46.7306 44.0963L44.0963 46.755ZM19.375 35C23.7021 35 27.3879 33.4775 30.4325 30.4325C33.4775 27.3879 35 23.7021 35 19.375C35 15.0479 33.4775 11.3621 30.4325 8.3175C27.3879 5.2725 23.7021 3.75 19.375 3.75C15.0479 3.75 11.3621 5.2725 8.3175 8.3175C5.2725 11.3621 3.75 15.0479 3.75 19.375C3.75 23.7021 5.2725 27.3879 8.3175 30.4325C11.3621 33.4775 15.0479 35 19.375 35Z\" fill=\"#041040\"\/>\r\n<\/svg>\n        \n        \n        \n            <\/div>\n    \n\n\n<\/div><h2 class=\"bde-heading-133-149 bde-heading\">\nPersonlig<br>service\n<\/h2><div class=\"bde-text-133-150 bde-text\">\nSomos una empresa muy especializada, peque\u00f1a y flexible.\n<\/div>\n<\/div><div class=\"bde-column-133-151 bde-column\">\n  \n  \n\t\n\n\n\n<div class=\"bde-icon-133-152 bde-icon\">\n\n    \n            <div class=\"bde-icon-icon breakdance-icon-atom\" >\n    \n                    <svg width=\"43\" height=\"39\" viewbox=\"0 0 43 39\" fill=\"none\" xmlns=\"http:\/\/www.w3.org\/2000\/svg\">\r\n<path d=\"M4.03813 38.0762C2.92771 38.0762 1.97708 37.6808 1.18625 36.89C0.395416 36.0992 0 35.1485 0 34.0381C0 32.9277 0.395416 31.9771 1.18625 31.1862C1.97708 30.3954 2.92771 30 4.03813 30C5.14854 30 6.09917 30.3954 6.89 31.1862C7.68083 31.9771 8.07625 32.9277 8.07625 34.0381C8.07625 35.1485 7.68083 36.0992 6.89 36.89C6.09917 37.6808 5.14854 38.0762 4.03813 38.0762ZM4.03813 23.0762C2.92771 23.0762 1.97708 22.6808 1.18625 21.89C0.395416 21.0992 0 20.1485 0 19.0381C0 17.9277 0.395416 16.9771 1.18625 16.1862C1.97708 15.3954 2.92771 15 4.03813 15C5.14854 15 6.09917 15.3954 6.89 16.1862C7.68083 16.9771 8.07625 17.9277 8.07625 19.0381C8.07625 20.1485 7.68083 21.0992 6.89 21.89C6.09917 22.6808 5.14854 23.0762 4.03813 23.0762ZM4.03813 8.07625C2.92771 8.07625 1.97708 7.68083 1.18625 6.89C0.395416 6.09917 0 5.14854 0 4.03812C0 2.92771 0.395416 1.97708 1.18625 1.18625C1.97708 0.395415 2.92771 0 4.03813 0C5.14854 0 6.09917 0.395415 6.89 1.18625C7.68083 1.97708 8.07625 2.92771 8.07625 4.03812C8.07625 5.14854 7.68083 6.09917 6.89 6.89C6.09917 7.68083 5.14854 8.07625 4.03813 8.07625ZM19.0381 8.07625C17.9277 8.07625 16.9771 7.68083 16.1862 6.89C15.3954 6.09917 15 5.14854 15 4.03812C15 2.92771 15.3954 1.97708 16.1862 1.18625C16.9771 0.395415 17.9277 0 19.0381 0C20.1485 0 21.0992 0.395415 21.89 1.18625C22.6808 1.97708 23.0762 2.92771 23.0762 4.03812C23.0762 5.14854 22.6808 6.09917 21.89 6.89C21.0992 7.68083 20.1485 8.07625 19.0381 8.07625ZM34.0381 8.07625C32.9277 8.07625 31.9771 7.68083 31.1862 6.89C30.3954 6.09917 30 5.14854 30 4.03812C30 2.92771 30.3954 1.97708 31.1862 1.18625C31.9771 0.395415 32.9277 0 34.0381 0C35.1485 0 36.0992 0.395415 36.89 1.18625C37.6808 1.97708 38.0762 2.92771 38.0762 4.03812C38.0762 5.14854 37.6808 6.09917 36.89 6.89C36.0992 7.68083 35.1485 8.07625 34.0381 8.07625ZM19.0381 23.0762C17.9277 23.0762 16.9771 22.6808 16.1862 21.89C15.3954 21.0992 15 20.1485 15 19.0381C15 17.9277 15.3954 16.9771 16.1862 16.1862C16.9771 15.3954 17.9277 15 19.0381 15C20.1485 15 21.0992 15.3954 21.89 16.1862C22.6808 16.9771 23.0762 17.9277 23.0762 19.0381C23.0762 20.1485 22.6808 21.0992 21.89 21.89C21.0992 22.6808 20.1485 23.0762 19.0381 23.0762ZM21.8269 38.0762V31.4706L35.3988 17.9612C35.7096 17.6504 36.0452 17.4317 36.4056 17.305C36.766 17.1783 37.1265 17.115 37.4869 17.115C37.8798 17.115 38.26 17.1887 38.6275 17.3362C38.995 17.4837 39.329 17.705 39.6294 18L41.9419 20.3362C42.211 20.6471 42.4194 20.9835 42.5669 21.3456C42.7144 21.7081 42.7881 22.0704 42.7881 22.4325C42.7881 22.7946 42.7208 23.1631 42.5863 23.5381C42.4517 23.9131 42.2369 24.256 41.9419 24.5669L28.4325 38.0762H21.8269ZM24.8075 35.0956H27.1825L35.2975 26.9419L34.1488 25.7544L32.985 24.5812L24.8075 32.7206V35.0956ZM34.1488 25.7544L32.985 24.5812L35.2975 26.9419L34.1488 25.7544Z\" fill=\"#041040\"\/>\r\n<\/svg>\n        \n        \n        \n            <\/div>\n    \n\n\n<\/div><h3 class=\"bde-heading-133-153 bde-heading\">\nSkr\u00e4ddarsydda l\u00f6sningar\n<\/h3><div class=\"bde-text-133-154 bde-text\">\nVi \u00e4r ett litet f\u00f6retag med stor flexibilitet, vilket g\u00f6r att vi kan skr\u00e4ddarsy l\u00f6sningar efter just dina behov.\n<\/div>\n<\/div><\/div><\/div>\n<\/section><section class=\"bde-section-133-155 bde-section\">\n  \n  \n\t\n\n\n\n<div class=\"section-container\"><div class=\"bde-div-133-156 bde-div\">\n  \n  \n\t\n\n\n\n<div class=\"bde-icon-133-157 bde-icon\">\n\n    \n            <div class=\"bde-icon-icon breakdance-icon-atom\" >\n    \n                    <svg xmlns=\"http:\/\/www.w3.org\/2000\/svg\" viewbox=\"0 0 512 512\"><!--! Font Awesome Free 6.5.1 by @fontawesome - https:\/\/fontawesome.com License - https:\/\/fontawesome.com\/license\/free (Icons: CC BY 4.0, Fonts: SIL OFL 1.1, Code: MIT License) Copyright 2023 Fonticons, Inc. --><path d=\"M256 512A256 256 0 1 0 256 0a256 256 0 1 0 0 512z\"\/><\/svg>\n        \n        \n        \n            <\/div>\n    \n\n\n<\/div><h4 class=\"bde-heading-133-158 bde-heading\">\nHur bokar man en tj\u00e4nst?\n<\/h4>\n<\/div><div class=\"bde-columns-133-160 bde-columns\"><div class=\"bde-column-133-161 bde-column\">\n  \n  \n\t\n\n\n\n<div class=\"bde-columns-133-163 bde-columns\"><div class=\"bde-column-133-164 bde-column\">\n  \n  \n\t\n\n\n\n<div class=\"bde-text-133-159 bde-text translation-block\">Du \u00e4r v\u00e4lkommen att h\u00f6ra av dig till oss via <b>kontaktformul\u00e4ret<\/b> eller telefon och ber\u00e4tta hur vi kan hj\u00e4lpa dig.<br>Om du h\u00f6r av dig via <b>kontaktformul\u00e4ret<\/b> eller e-mail s\u00e5 svarar vi inom 24 timmar.<br> <b>Bifoga g\u00e4rna dokumenten du beh\u00f6ver ha \u00f6versatta direkt.<\/b> D\u00e5 snabbar du p\u00e5 processen eftersom vi beh\u00f6ver g\u00e5 igenom dem f\u00f6r att kunna ge dig ett prisf\u00f6rslag.<\/div>\n<\/div><div class=\"bde-column-133-165 bde-column\">\n  \n  \n\t\n\n\n\n<div class=\"bde-button-133-167 bde-button\">\n    \n                                    \n    \n    \n    \n    \n            \n                    \n            \n            \n\n    \n    \n    \n    \n    \n    <a class=\"breakdance-link button-atom button-atom--primary bde-button__button\" href=\"https:\/\/fredtrad.com\/sv\/contacto\/\" target=\"_self\" data-type=\"url\"  >\n\n    \n        <span class=\"button-atom__text\">Beg\u00e4r en kostnadsfri offert<\/span>\n\n        \n        \n                <\/a>\n\n    \n\n\n<\/div>\n<\/div><\/div>\n<\/div><div class=\"bde-column-133-162 bde-column\">\n  \n  \n\t\n\n\n\n<img decoding=\"async\" class=\"bde-image2-133-166 bde-image2\" src=\"https:\/\/fredtrad.com\/wp-content\/uploads\/2026\/01\/Rectangle-15.png\" alt=\"Fredtrad\" loading=\"lazy\" srcset=\"https:\/\/fredtrad.com\/wp-content\/uploads\/2026\/01\/Rectangle-15.png 848w, https:\/\/fredtrad.com\/wp-content\/uploads\/2026\/01\/Rectangle-15-300x139.png 300w, https:\/\/fredtrad.com\/wp-content\/uploads\/2026\/01\/Rectangle-15-768x357.png 768w, https:\/\/fredtrad.com\/wp-content\/uploads\/2026\/01\/Rectangle-15-18x8.png 18w\" sizes=\"(max-width: 848px) 100vw, 848px\">\n<\/div><\/div><\/div>\n<\/section><section class=\"bde-section-133-168 bde-section\">\n  \n  \n\t\n\n\n\n<div class=\"section-container\"><div class=\"bde-div-133-170 bde-div\">\n  \n  \n\t\n\n\n\n<h4 class=\"bde-heading-133-171 bde-heading\">\nOmd\u00f6men\n<\/h4><h2 class=\"bde-heading-133-172 bde-heading\">\nOmd\u00f6men fr\u00e5n v\u00e5ra kunder\n<\/h2><div id=\"google-reviews\" class=\"bde-shortcode-133-173 bde-shortcode\"> <\/div><div class=\"bde-button-133-174 bde-button\">\n    \n                        \n                        \n    \n    \n    \n    \n            \n                    \n            \n            \n\n    \n    \n    \n    \n    \n    <a class=\"breakdance-link button-atom button-atom--custom bde-button__button\" href=\"https:\/\/www.google.com\/maps\/place\/Fredriksson+Traducci%C3%B3n\/@41.4939334,2.0030822,17z\/data=!3m1!4b1!4m6!3m5!1s0x12a491791f997777:0x3acc05322ec0c39b!8m2!3d41.4939334!4d2.0056571!16s%2Fg%2F11yq30d1l7?entry=ttu&amp;g_ep=EgoyMDI2MDEwNy4wIKXMDSoASAFQAw%3D%3D\" target=\"_self\" data-type=\"url\" rel=\"noopener\">\n\n    \n        <span class=\"button-atom__text\">Dejanos tu rese\u00f1a<\/span>\n\n        \n        \n                <\/a>\n\n    \n\n\n<\/div>\n<\/div><\/div>\n<\/section><div class=\"bde-globalblock-133-186 bde-globalblock\"><section class=\"bde-section-405-100-405-1 bde-section bde-section-405-100\">\n  \n  \n\t\n\n\n\n<div class=\"section-container\"><div class=\"bde-div-405-101-405-1 bde-div bde-div-405-101\">\n  \n  \n\t\n\n\n\n<div class=\"bde-icon-405-102-405-1 bde-icon bde-icon-405-102\">\n\n    \n            <div class=\"bde-icon-icon breakdance-icon-atom\" >\n    \n                    <svg xmlns=\"http:\/\/www.w3.org\/2000\/svg\" viewbox=\"0 0 512 512\"><!--! Font Awesome Free 6.5.1 by @fontawesome - https:\/\/fontawesome.com License - https:\/\/fontawesome.com\/license\/free (Icons: CC BY 4.0, Fonts: SIL OFL 1.1, Code: MIT License) Copyright 2023 Fonticons, Inc. --><path d=\"M256 512A256 256 0 1 0 256 0a256 256 0 1 0 0 512z\"\/><\/svg>\n        \n        \n        \n            <\/div>\n    \n\n\n<\/div><h4 class=\"bde-heading-405-103-405-1 bde-heading bde-heading-405-103\">\nIntressanta nyheter\n<\/h4>\n<\/div><div class=\"bde-post-loop-405-104-405-1 bde-post-loop bde-post-loop-405-104\"><div class=\"breakdance-swiper-wrapper\" data-swiper-id=\"104\"><div class=\"swiper\"><div class=\"bde-loop bde-loop-slider ee-posts ee-posts-slider swiper-wrapper\">    <article class=\"bde-loop-item ee-post swiper-slide\">\n        <div class=\"bde-div-236-100-233-236-1 bde-div bde-div-236-100\">\n  \n  \n\t\n\n\n\n<a class=\"bde-container-link-236-107-233-236-1 bde-container-link bde-container-link-236-107 breakdance-link\" href=\"https:\/\/fredtrad.com\/sv\/2026\/01\/12\/traduccion-jurada-vs-traduccion-normal-diferencias-clave-2\/\" target=\"_self\" data-type=\"url\">\n  \n  \n\t\n\n\n\n<div class=\"bde-div-236-110-233-236-1 bde-div bde-div-236-110\">\n  \n  \n\t\n\n\n\n<img decoding=\"async\" class=\"bde-image2-236-101-233-236-1 bde-image2 img bde-image2-236-101\" src=\"https:\/\/fredtrad.com\/wp-content\/uploads\/2026\/01\/Rectangle-11.png\" alt=\"fretrad traducciones\" loading=\"lazy\" srcset=\"https:\/\/fredtrad.com\/wp-content\/uploads\/2026\/01\/Rectangle-11.png 575w, https:\/\/fredtrad.com\/wp-content\/uploads\/2026\/01\/Rectangle-11-300x205.png 300w, https:\/\/fredtrad.com\/wp-content\/uploads\/2026\/01\/Rectangle-11-18x12.png 18w\" sizes=\"(max-width: 575px) 100vw, 575px\">\n<\/div><div class=\"bde-div-236-109-233-236-1 bde-div bde-div-236-109\">\n  \n  \n\t\n\n\n\n<h3 class=\"bde-heading-236-104-233-236-1 bde-heading bde-heading-236-104\">\nTraducci\u00f3n Jurada vs. Traducci\u00f3n Normal: Diferencias Clave\n<\/h3>\n<\/div><div class=\"bde-text-236-105-233-236-1 bde-text bde-text-236-105\">\nLorem ipsum dolor sit amet, consectetur adipiscing elit, sed do eiusmod tempor incididunt ut labore ...\n<\/div><div class=\"bde-text-236-108-233-236-1 bde-text bde-text-236-108\">\nLeer m\u00e1s \u2192\n<\/div>\n\n<\/a>\n<\/div>    <\/article>\n    <article class=\"bde-loop-item ee-post swiper-slide\">\n        <div class=\"bde-div-236-100-230-236-1 bde-div bde-div-236-100\">\n  \n  \n\t\n\n\n\n<a class=\"bde-container-link-236-107-230-236-1 bde-container-link bde-container-link-236-107 breakdance-link\" href=\"https:\/\/fredtrad.com\/sv\/2026\/01\/12\/traduccion-jurada-vs-traduccion-normal-diferencias-clave\/\" target=\"_self\" data-type=\"url\">\n  \n  \n\t\n\n\n\n<div class=\"bde-div-236-110-230-236-1 bde-div bde-div-236-110\">\n  \n  \n\t\n\n\n\n<img decoding=\"async\" class=\"bde-image2-236-101-230-236-1 bde-image2 img bde-image2-236-101\" src=\"https:\/\/fredtrad.com\/wp-content\/uploads\/2026\/01\/Rectangle-12.png\" alt=\"fredtrad muchas piezas con letras\" loading=\"lazy\" srcset=\"https:\/\/fredtrad.com\/wp-content\/uploads\/2026\/01\/Rectangle-12.png 574w, https:\/\/fredtrad.com\/wp-content\/uploads\/2026\/01\/Rectangle-12-300x205.png 300w, https:\/\/fredtrad.com\/wp-content\/uploads\/2026\/01\/Rectangle-12-18x12.png 18w\" sizes=\"(max-width: 574px) 100vw, 574px\">\n<\/div><div class=\"bde-div-236-109-230-236-1 bde-div bde-div-236-109\">\n  \n  \n\t\n\n\n\n<h3 class=\"bde-heading-236-104-230-236-1 bde-heading bde-heading-236-104\">\nTraducci\u00f3n Jurada vs. Traducci\u00f3n Normal: Diferencias Clave\n<\/h3>\n<\/div><div class=\"bde-text-236-105-230-236-1 bde-text bde-text-236-105\">\nLorem ipsum dolor sit amet, consectetur adipiscing elit, sed do eiusmod tempor incididunt ut labore ...\n<\/div><div class=\"bde-text-236-108-230-236-1 bde-text bde-text-236-108\">\nLeer m\u00e1s \u2192\n<\/div>\n\n<\/a>\n<\/div>    <\/article>\n    <article class=\"bde-loop-item ee-post swiper-slide\">\n        <div class=\"bde-div-236-100-227-236-1 bde-div bde-div-236-100\">\n  \n  \n\t\n\n\n\n<a class=\"bde-container-link-236-107-227-236-1 bde-container-link bde-container-link-236-107 breakdance-link\" href=\"https:\/\/fredtrad.com\/sv\/2026\/01\/12\/5-claves-para-negociar-con-empresas-suecas\/\" target=\"_self\" data-type=\"url\">\n  \n  \n\t\n\n\n\n<div class=\"bde-div-236-110-227-236-1 bde-div bde-div-236-110\">\n  \n  \n\t\n\n\n\n<img decoding=\"async\" class=\"bde-image2-236-101-227-236-1 bde-image2 img bde-image2-236-101\" src=\"https:\/\/fredtrad.com\/wp-content\/uploads\/2026\/01\/Rectangle-10.png\" alt=\"fredtrad - grupo de gente reunida\" loading=\"lazy\" srcset=\"https:\/\/fredtrad.com\/wp-content\/uploads\/2026\/01\/Rectangle-10.png 1169w, https:\/\/fredtrad.com\/wp-content\/uploads\/2026\/01\/Rectangle-10-300x205.png 300w, https:\/\/fredtrad.com\/wp-content\/uploads\/2026\/01\/Rectangle-10-1024x699.png 1024w, https:\/\/fredtrad.com\/wp-content\/uploads\/2026\/01\/Rectangle-10-768x524.png 768w, https:\/\/fredtrad.com\/wp-content\/uploads\/2026\/01\/Rectangle-10-18x12.png 18w\" sizes=\"(max-width: 1169px) 100vw, 1169px\">\n<\/div><div class=\"bde-div-236-109-227-236-1 bde-div bde-div-236-109\">\n  \n  \n\t\n\n\n\n<h3 class=\"bde-heading-236-104-227-236-1 bde-heading bde-heading-236-104\">\n5 Claves para negociar con empresas Suecas\n<\/h3>\n<\/div><div class=\"bde-text-236-105-227-236-1 bde-text bde-text-236-105\">\nLorem ipsum dolor sit amet, consectetur adipiscing elit, sed do eiusmod tempor incididunt ut labore ...\n<\/div><div class=\"bde-text-236-108-227-236-1 bde-text bde-text-236-108\">\nLeer m\u00e1s \u2192\n<\/div>\n\n<\/a>\n<\/div>    <\/article>\n<\/div><\/div>\n    \n    \n<\/div>\r\n<\/div><\/div>\n<\/section><\/div>","protected":false},"excerpt":{"rendered":"<p>FredrikssonTraducci\u00f3n Somos una empresa de traducci\u00f3n e interpretaci\u00f3n, especializada en los idiomas espa\u00f1ol y sueco. Nuestras traducciones autorizadas son v\u00e1lidas para todas las autoridades y organizaciones en Espa\u00f1a. Ver nuestros servicios \u00bfQui\u00e9nes somos? Anna Julia Fredriksson Traductora e Int\u00e9rprete Jurada Soy traductora e int\u00e9rprete jurada de sueco y espa\u00f1ol nombrada por el Ministerio de asuntos [&hellip;]<\/p>\n","protected":false},"author":1,"featured_media":0,"parent":0,"menu_order":0,"comment_status":"closed","ping_status":"closed","template":"","meta":{"_breakdance_hide_in_design_set":false,"_breakdance_tags":"","footnotes":""},"class_list":["post-133","page","type-page","status-publish","hentry"],"_links":{"self":[{"href":"https:\/\/fredtrad.com\/sv\/wp-json\/wp\/v2\/pages\/133","targetHints":{"allow":["GET"]}}],"collection":[{"href":"https:\/\/fredtrad.com\/sv\/wp-json\/wp\/v2\/pages"}],"about":[{"href":"https:\/\/fredtrad.com\/sv\/wp-json\/wp\/v2\/types\/page"}],"author":[{"embeddable":true,"href":"https:\/\/fredtrad.com\/sv\/wp-json\/wp\/v2\/users\/1"}],"replies":[{"embeddable":true,"href":"https:\/\/fredtrad.com\/sv\/wp-json\/wp\/v2\/comments?post=133"}],"version-history":[{"count":79,"href":"https:\/\/fredtrad.com\/sv\/wp-json\/wp\/v2\/pages\/133\/revisions"}],"predecessor-version":[{"id":597,"href":"https:\/\/fredtrad.com\/sv\/wp-json\/wp\/v2\/pages\/133\/revisions\/597"}],"wp:attachment":[{"href":"https:\/\/fredtrad.com\/sv\/wp-json\/wp\/v2\/media?parent=133"}],"curies":[{"name":"wp","href":"https:\/\/api.w.org\/{rel}","templated":true}]}}